{"id":359,"date":"2025-01-16T12:19:48","date_gmt":"2025-01-16T12:19:48","guid":{"rendered":"https:\/\/test0003.2000und5.de\/?page_id=359"},"modified":"2025-01-27T02:01:22","modified_gmt":"2025-01-27T02:01:22","slug":"359-2","status":"publish","type":"page","link":"https:\/\/test0003.2000und5.de\/?page_id=359","title":{"rendered":"Stiftung"},"content":{"rendered":"<p>[et_pb_section fb_built=&#8220;1&#8243; custom_padding_last_edited=&#8220;on|phone&#8220; admin_label=&#8220;Header&#8220; _builder_version=&#8220;4.27.4&#8243; _module_preset=&#8220;57f619cb-0162-45de-829f-8419158a4ab9&#8243; background_enable_color=&#8220;off&#8220; background_color_gradient_direction=&#8220;98deg&#8220; background_color_gradient_stops=&#8220;#000000 0%|rgba(0,0,0,0.3) 30%&#8220; background_image=&#8220;http:\/\/test0003.2000und5.de\/wp-content\/uploads\/2025\/01\/Haus_gesamt_mit_forum_dach.jpg&#8220; custom_padding=&#8220;20vw||0px||false|false&#8220; custom_padding_tablet=&#8220;30vw||0px||false|false&#8220; custom_padding_phone=&#8220;20vw||0px||false|false&#8220; hover_enabled=&#8220;0&#8243; global_colors_info=&#8220;{}&#8220; sticky_enabled=&#8220;0&#8243; alt=&#8220;Haus Auszeit&#8220; title_text=&#8220;Haus_gesamt_mit_forum_dach&#8220; custom_margin_last_edited=&#8220;on|desktop&#8220; custom_margin=&#8220;110px||||false|false&#8220; custom_margin_tablet=&#8220;110px||||false|false&#8220; custom_margin_phone=&#8220;110px||||false|false&#8220;][et_pb_row _builder_version=&#8220;4.25.2&#8243; _module_preset=&#8220;1094e78c-d299-4fa1-84a0-8004c4f5a1d3&#8243; hover_enabled=&#8220;0&#8243; global_colors_info=&#8220;{}&#8220; sticky_enabled=&#8220;0&#8243;][et_pb_column type=&#8220;4_4&#8243; _builder_version=&#8220;4.25.2&#8243; _module_preset=&#8220;default&#8220; global_colors_info=&#8220;{}&#8220;][et_pb_text _builder_version=&#8220;4.27.4&#8243; _module_preset=&#8220;default&#8220; text_text_color=&#8220;#FFFFFF&#8220; text_font_size=&#8220;16px&#8220; hover_enabled=&#8220;0&#8243; global_colors_info=&#8220;{}&#8220; sticky_enabled=&#8220;0&#8243; text_font=&#8220;|||on|||||&#8220; custom_margin_last_edited=&#8220;on|phone&#8220; custom_margin_phone=&#8220;70px||15px||false|false&#8220;]<\/p>\n<p><strong>Stiftung Auszeit<\/strong><strong><br \/><\/strong><\/p>\n<p>[\/et_pb_text][et_pb_heading title=&#8220;Wir machen es m\u00f6glich!&#8220; _builder_version=&#8220;4.27.4&#8243; _module_preset=&#8220;671d6abb-f878-47fd-907c-c8537ae4e8b9&#8243; title_text_color=&#8220;#FFFFFF&#8220; max_width=&#8220;1080px&#8220; custom_margin=&#8220;-40px||||false|false&#8220; custom_margin_tablet=&#8220;-20px||||false|false&#8220; custom_margin_phone=&#8220;0px||||false|false&#8220; custom_margin_last_edited=&#8220;on|desktop&#8220; custom_padding=&#8220;|230px|60px||false|false&#8220; custom_padding_tablet=&#8220;|200px|||false|false&#8220; custom_padding_phone=&#8220;0px|0px|||false|false&#8220; custom_padding_last_edited=&#8220;on|desktop&#8220; hover_enabled=&#8220;0&#8243; global_colors_info=&#8220;{}&#8220; sticky_enabled=&#8220;0&#8243; title_font=&#8220;Arial|700|||||||&#8220; title_font_size_last_edited=&#8220;on|tablet&#8220; title_font_size_tablet=&#8220;60px&#8220; title_font_size_phone=&#8220;50px&#8220;][\/et_pb_heading][\/et_pb_column][\/et_pb_row][\/et_pb_section][et_pb_section fb_built=&#8220;1&#8243; admin_label=&#8220;Partnerschaft&#8220; module_id=&#8220;partnerschaft&#8220; _builder_version=&#8220;4.27.4&#8243; _module_preset=&#8220;default&#8220; link_option_url=&#8220;#Partnerschaft&#8220; global_colors_info=&#8220;{}&#8220;][et_pb_row module_id=&#8220;eroeffnung&#8220; _builder_version=&#8220;4.27.4&#8243; _module_preset=&#8220;1094e78c-d299-4fa1-84a0-8004c4f5a1d3&#8243; hover_enabled=&#8220;0&#8243; global_colors_info=&#8220;{}&#8220; custom_margin_last_edited=&#8220;on|tablet&#8220; custom_margin_tablet=&#8220;-30px||-40px||false|false&#8220; sticky_enabled=&#8220;0&#8243; custom_margin_phone=&#8220;-30px||-40px||false|false&#8220;][et_pb_column type=&#8220;4_4&#8243; _builder_version=&#8220;4.25.2&#8243; _module_preset=&#8220;default&#8220; global_colors_info=&#8220;{}&#8220;][et_pb_heading title=&#8220;Unser erfolgreiches Engagement dank Ihrer Hilfe&#8220; _builder_version=&#8220;4.27.4&#8243; _module_preset=&#8220;8ee50446-0d47-420c-8665-d7bd87f160ae&#8220; title_text_color=&#8220;rgba(0,0,0,0.8)&#8220; hover_enabled=&#8220;0&#8243; global_colors_info=&#8220;{}&#8220; sticky_enabled=&#8220;0&#8243; title_font=&#8220;Arial|700||on|||||&#8220;][\/et_pb_heading][et_pb_heading title=&#8220;Ihre Spenden helfen&#8220; _builder_version=&#8220;4.27.4&#8243; _module_preset=&#8220;6451002c-18eb-4a4b-888f-6422ab5cd55f&#8220; title_text_color=&#8220;rgba(0,0,0,0.8)&#8220; custom_margin=&#8220;|||-6px|false|false&#8220; custom_margin_tablet=&#8220;|||-2px|false|false&#8220; custom_margin_phone=&#8220;|||-1px|false|false&#8220; custom_margin_last_edited=&#8220;on|desktop&#8220; hover_enabled=&#8220;0&#8243; global_colors_info=&#8220;{}&#8220; title_font=&#8220;Arial|700|||||||&#8220; sticky_enabled=&#8220;0&#8243;][\/et_pb_heading][\/et_pb_column][\/et_pb_row][et_pb_row use_custom_gutter=&#8220;on&#8220; gutter_width=&#8220;2&#8243; _builder_version=&#8220;4.25.2&#8243; _module_preset=&#8220;1094e78c-d299-4fa1-84a0-8004c4f5a1d3&#8243; global_colors_info=&#8220;{}&#8220;][et_pb_column type=&#8220;4_4&#8243; _builder_version=&#8220;4.25.2&#8243; _module_preset=&#8220;default&#8220; global_colors_info=&#8220;{}&#8220;][et_pb_image src=&#8220;http:\/\/test0003.2000und5.de\/wp-content\/uploads\/2025\/01\/anfrage_q-scaled.jpg&#8220; alt=&#8220;anfrage_1&#8243; title_text=&#8220;anfrage_q&#8220; _builder_version=&#8220;4.27.4&#8243; _module_preset=&#8220;abce6646-835b-4157-99d8-d0b4189f8ec7&#8243; filter_saturate=&#8220;100%&#8220; hover_enabled=&#8220;0&#8243; global_colors_info=&#8220;{}&#8220; sticky_enabled=&#8220;0&#8243;][\/et_pb_image][et_pb_heading title=&#8220;Haus der Stiftung Auszeit&#8220; _builder_version=&#8220;4.27.4&#8243; _module_preset=&#8220;bec04347-95ac-43a1-a3aa-2e650d099e8c&#8220; title_font=&#8220;Arimo|700|||||||&#8220; custom_margin=&#8220;||0px||false|false&#8220; hover_enabled=&#8220;0&#8243; locked=&#8220;off&#8220; global_colors_info=&#8220;{}&#8220; sticky_enabled=&#8220;0&#8243;][\/et_pb_heading][et_pb_text _builder_version=&#8220;4.27.4&#8243; _module_preset=&#8220;default&#8220; text_font=&#8220;Arimo||||||||&#8220; text_font_size=&#8220;16px&#8220; custom_margin=&#8220;||115px||false|false&#8220; custom_margin_tablet=&#8220;||45px||false|false&#8220; custom_margin_phone=&#8220;||45px||false|false&#8220; custom_margin_last_edited=&#8220;on|desktop&#8220; hover_enabled=&#8220;0&#8243; global_colors_info=&#8220;{}&#8220; sticky_enabled=&#8220;0&#8243;]<\/p>\n<p>Wir setzen uns gemeinsam mit unseren F\u00f6rderern daf\u00fcr ein, dass dein Kind eine erf\u00fcllte Zeit in unserem Haus erleben kann. Wir werben Spenden, steuern den guten Geist des Hauses und garantieren f\u00fcr alle Seiten eine gesunde Finanzsituation ohne die unsere Idee nicht funktionieren k\u00f6nnte.<\/p>\n<p>[\/et_pb_text][\/et_pb_column][\/et_pb_row][\/et_pb_section][et_pb_section fb_built=&#8220;1&#8243; admin_label=&#8220;Team&#8220; _builder_version=&#8220;4.27.4&#8243; _module_preset=&#8220;default&#8220; custom_margin=&#8220;-160px||||false|false&#8220; custom_margin_tablet=&#8220;-160px||||false|false&#8220; custom_margin_phone=&#8220;-160px||||false|false&#8220; custom_margin_last_edited=&#8220;on|desktop&#8220; hover_enabled=&#8220;0&#8243; locked=&#8220;off&#8220; global_colors_info=&#8220;{}&#8220; sticky_enabled=&#8220;0&#8243;][et_pb_row column_structure=&#8220;3_4,1_4&#8243; _builder_version=&#8220;4.27.4&#8243; _module_preset=&#8220;1094e78c-d299-4fa1-84a0-8004c4f5a1d3&#8243; hover_enabled=&#8220;0&#8243; global_colors_info=&#8220;{}&#8220; sticky_enabled=&#8220;0&#8243;][et_pb_column type=&#8220;3_4&#8243; _builder_version=&#8220;4.25.2&#8243; _module_preset=&#8220;default&#8220; global_colors_info=&#8220;{}&#8220;][et_pb_heading title=&#8220;Vorstand&#8220; _builder_version=&#8220;4.27.4&#8243; _module_preset=&#8220;8ee50446-0d47-420c-8665-d7bd87f160ae&#8220; title_text_color=&#8220;#000000&#8243; global_colors_info=&#8220;{}&#8220;][\/et_pb_heading][et_pb_heading title=&#8220;Dankesch\u00f6n!&#8220; _builder_version=&#8220;4.27.4&#8243; _module_preset=&#8220;f2dc5da8-2179-47e7-a244-1412113db7c4&#8243; custom_margin=&#8220;|||-4px|false|false&#8220; custom_margin_tablet=&#8220;||-110px|-2px|false|false&#8220; custom_margin_phone=&#8220;|||0px|false|false&#8220; custom_margin_last_edited=&#8220;on|desktop&#8220; hover_enabled=&#8220;0&#8243; global_colors_info=&#8220;{}&#8220; sticky_enabled=&#8220;0&#8243;][\/et_pb_heading][\/et_pb_column][et_pb_column type=&#8220;1_4&#8243; _builder_version=&#8220;4.25.2&#8243; _module_preset=&#8220;default&#8220; global_colors_info=&#8220;{}&#8220;][\/et_pb_column][\/et_pb_row][et_pb_row column_structure=&#8220;1_5,1_5,1_5,1_5,1_5&#8243; use_custom_gutter=&#8220;on&#8220; gutter_width=&#8220;2&#8243; _builder_version=&#8220;4.27.4&#8243; _module_preset=&#8220;1094e78c-d299-4fa1-84a0-8004c4f5a1d3&#8243; hover_enabled=&#8220;0&#8243; global_colors_info=&#8220;{}&#8220; custom_margin_last_edited=&#8220;on|tablet&#8220; custom_margin_tablet=&#8220;-30px||||false|false&#8220; sticky_enabled=&#8220;0&#8243; custom_margin_phone=&#8220;-30px||||false|false&#8220;][et_pb_column type=&#8220;1_5&#8243; _builder_version=&#8220;4.25.2&#8243; _module_preset=&#8220;default&#8220; global_colors_info=&#8220;{}&#8220;][et_pb_image src=&#8220;http:\/\/test0003.2000und5.de\/wp-content\/uploads\/2025\/01\/Jochen-Grothkop.webp&#8220; alt=&#8220;Jochen Grothkop&#8220; title_text=&#8220;Jochen-Grothkop&#8220; _builder_version=&#8220;4.27.4&#8243; _module_preset=&#8220;default&#8220; filter_saturate=&#8220;0%&#8220; hover_enabled=&#8220;0&#8243; global_colors_info=&#8220;{}&#8220; force_fullwidth=&#8220;on&#8220; sticky_enabled=&#8220;0&#8243;][\/et_pb_image][et_pb_text _builder_version=&#8220;4.27.4&#8243; _module_preset=&#8220;default&#8220; hover_enabled=&#8220;0&#8243; global_colors_info=&#8220;{}&#8220; text_font=&#8220;Arial||||||||&#8220; sticky_enabled=&#8220;0&#8243;]<\/p>\n<p><strong>Jochen Grothkop<\/strong> \u2013 Vorstand<\/p>\n<p>Man nennt mich den Initiator und Motor der Stiftung. Seit 2003 bin ich ehrenamtlich bei der Elterninitiative Menschen(s)kinder aktiv. Mein schwerstbehinderter Enkelsohn Dennis war der Ausl\u00f6ser 2013 das Projekt Auszeit ins Leben zu rufen. Ich kenne die Belastungen des Alltags und freue mich darauf lachende Kinder im Haus zu erleben. Als Vorstandsvorsitzender der Stiftung k\u00fcmmere ich mich um jedes Anliegen. Es liegt mir am Herzen.<\/p>\n<p>[\/et_pb_text][\/et_pb_column][et_pb_column type=&#8220;1_5&#8243; _builder_version=&#8220;4.25.2&#8243; _module_preset=&#8220;default&#8220; global_colors_info=&#8220;{}&#8220;][et_pb_image src=&#8220;http:\/\/test0003.2000und5.de\/wp-content\/uploads\/2025\/01\/Dr-Thomas-Marquardt.webp&#8220; alt=&#8220;Dr. Thomas Marquardt&#8220; title_text=&#8220;Dr-Thomas-Marquardt&#8220; _builder_version=&#8220;4.27.4&#8243; _module_preset=&#8220;default&#8220; filter_saturate=&#8220;0%&#8220; hover_enabled=&#8220;0&#8243; locked=&#8220;off&#8220; global_colors_info=&#8220;{}&#8220; force_fullwidth=&#8220;on&#8220; sticky_enabled=&#8220;0&#8243;][\/et_pb_image][et_pb_text _builder_version=&#8220;4.27.4&#8243; _module_preset=&#8220;default&#8220; hover_enabled=&#8220;0&#8243; locked=&#8220;off&#8220; global_colors_info=&#8220;{}&#8220; text_font=&#8220;Arial||||||||&#8220; sticky_enabled=&#8220;0&#8243;]<\/p>\n<p><strong>Dr. Thomas Marquardt<\/strong> \u2013 Vorstand<\/p>\n<p>Meine Frau Kathrin war Initiatorin der ersten Stunde. Die Idee, Familien mit behinderten Kindern eine Auszeit zu erm\u00f6glichen, finde ich gro\u00dfartig. Umso mehr, da es kaum Angebote f\u00fcr betroffene Familien gibt. Ich bin Stiftungsgr\u00fcnder, stellvertretender Vorstandsvorsitzender und k\u00fcmmere mich um die Administration und die Finanzen. Mein Wunsch ist es, mit dem Haus Auszeit in Bochum eine Institution zu schaffen, einen Ort der Geborgenheit und des Vertrauens.<\/p>\n<p>[\/et_pb_text][\/et_pb_column][et_pb_column type=&#8220;1_5&#8243; _builder_version=&#8220;4.25.2&#8243; _module_preset=&#8220;default&#8220; global_colors_info=&#8220;{}&#8220;][et_pb_image src=&#8220;http:\/\/test0003.2000und5.de\/wp-content\/uploads\/2025\/01\/Ralf-Blennemann.webp&#8220; alt=&#8220;Ralf Blennemann&#8220; title_text=&#8220;Ralf-Blennemann&#8220; _builder_version=&#8220;4.27.4&#8243; _module_preset=&#8220;default&#8220; filter_saturate=&#8220;0%&#8220; hover_enabled=&#8220;0&#8243; locked=&#8220;off&#8220; global_colors_info=&#8220;{}&#8220; force_fullwidth=&#8220;on&#8220; sticky_enabled=&#8220;0&#8243;][\/et_pb_image][et_pb_text _builder_version=&#8220;4.27.4&#8243; _module_preset=&#8220;default&#8220; hover_enabled=&#8220;0&#8243; locked=&#8220;off&#8220; global_colors_info=&#8220;{}&#8220; text_font=&#8220;Arial||||||||&#8220; sticky_enabled=&#8220;0&#8243;]<\/p>\n<p><strong>Ralf Blennemann<\/strong> \u2013 Vorstand<\/p>\n<p>Seit 2016 bin ich als Stiftungsgr\u00fcnder ehrenamtlich f\u00fcr die Stiftung t\u00e4tig. Meine Aufgabe ist es die Stiftung bei den Menschen in Bochum und Umgebung bekannt zu machen. Ich m\u00f6chte etwas Gutes an Menschen geben, denen es leider schlechter geht als mir.<\/p>\n<p>[\/et_pb_text][\/et_pb_column][et_pb_column type=&#8220;1_5&#8243; _builder_version=&#8220;4.25.2&#8243; _module_preset=&#8220;default&#8220; global_colors_info=&#8220;{}&#8220;][et_pb_image src=&#8220;http:\/\/test0003.2000und5.de\/wp-content\/uploads\/2025\/01\/Frank-Korten.jpg&#8220; alt=&#8220;Frank Korten&#8220; title_text=&#8220;Frank-Korten&#8220; _builder_version=&#8220;4.27.4&#8243; _module_preset=&#8220;default&#8220; filter_saturate=&#8220;0%&#8220; hover_enabled=&#8220;0&#8243; locked=&#8220;off&#8220; global_colors_info=&#8220;{}&#8220; sticky_enabled=&#8220;0&#8243;][\/et_pb_image][et_pb_text _builder_version=&#8220;4.27.4&#8243; _module_preset=&#8220;default&#8220; hover_enabled=&#8220;0&#8243; locked=&#8220;off&#8220; global_colors_info=&#8220;{}&#8220; text_font=&#8220;Arial||||||||&#8220; sticky_enabled=&#8220;0&#8243;]<\/p>\n<p><strong>Frank Korten<\/strong> \u2013 Vorstand<\/p>\n<p>Meine Frau Susanne Korten und ich haben uns durch ein pers\u00f6nliches Gespr\u00e4ch mit Jochen Grothkop zu diesem sozialen Engagement motiviert gef\u00fchlt. Die Lebensgeschichten der Familien und deren Alltagskampf ist zu unterst\u00fctzen. Wir freuen uns, uns f\u00fcr die Auszeit zu engagieren. Ich bin Gr\u00fcndungsmitglied der Stiftung und unter anderem zust\u00e4ndig f\u00fcr die Akquirierung von Spenden.<\/p>\n<p>[\/et_pb_text][\/et_pb_column][et_pb_column type=&#8220;1_5&#8243; _builder_version=&#8220;4.25.2&#8243; _module_preset=&#8220;default&#8220; global_colors_info=&#8220;{}&#8220;][et_pb_image src=&#8220;http:\/\/test0003.2000und5.de\/wp-content\/uploads\/2025\/01\/Heike-Seidenstuecker.webp&#8220; alt=&#8220;Heike Seidenst\u00fccker&#8220; title_text=&#8220;Heike-Seidenstuecker&#8220; _builder_version=&#8220;4.27.4&#8243; _module_preset=&#8220;default&#8220; filter_saturate=&#8220;0%&#8220; hover_enabled=&#8220;0&#8243; global_colors_info=&#8220;{}&#8220; force_fullwidth=&#8220;on&#8220; sticky_enabled=&#8220;0&#8243;][\/et_pb_image][et_pb_text _builder_version=&#8220;4.27.4&#8243; _module_preset=&#8220;default&#8220; hover_enabled=&#8220;0&#8243; global_colors_info=&#8220;{}&#8220; text_font=&#8220;Arial||||||||&#8220; sticky_enabled=&#8220;0&#8243;]<\/p>\n<p><strong>Heike Seidenst\u00fccker<\/strong> \u2013 Vorst\u00e4ndin<\/p>\n<p>Vor einigen Jahren bin ich durch einen wegweisenden Zufall Jochen Grothkop begegnet. Er hat mir sehr eindrucksvoll die Situation behinderter Kinder und Jugendlicher vor Augen gef\u00fchrt, und mich f\u00fcr die Sorgen, N\u00f6te und Bed\u00fcrfnisse ihrer Familien sensibilisiert. Dass ich die Zeit in meinem Ruhestand daf\u00fcr nutzen w\u00fcrde, mich f\u00fcr diese Menschen ehrenamtlich einzubringen, stand schnell au\u00dfer Frage. Meine Engagement in der Stiftung Auszeit er\u00f6ffnet mir daf\u00fcr Wege und M\u00f6glichkeiten, die ich, im Wissen darum, etwas Sinnvolles tun zu k\u00f6nnen, mit Freude annehme.<\/p>\n<p>[\/et_pb_text][\/et_pb_column][\/et_pb_row][et_pb_row column_structure=&#8220;1_3,1_3,1_3&#8243; use_custom_gutter=&#8220;on&#8220; gutter_width=&#8220;2&#8243; _builder_version=&#8220;4.27.4&#8243; _module_preset=&#8220;1094e78c-d299-4fa1-84a0-8004c4f5a1d3&#8243; hover_enabled=&#8220;0&#8243; global_colors_info=&#8220;{}&#8220; sticky_enabled=&#8220;0&#8243;][et_pb_column type=&#8220;1_3&#8243; _builder_version=&#8220;4.25.2&#8243; _module_preset=&#8220;default&#8220; global_colors_info=&#8220;{}&#8220;][\/et_pb_column][et_pb_column type=&#8220;1_3&#8243; _builder_version=&#8220;4.25.2&#8243; _module_preset=&#8220;default&#8220; global_colors_info=&#8220;{}&#8220;][et_pb_image src=&#8220;http:\/\/test0003.2000und5.de\/wp-content\/uploads\/2025\/01\/Carina-Goedecke.webp&#8220; alt=&#8220;Carina G\u00f6decke&#8220; title_text=&#8220;Carina-Goedecke&#8220; _builder_version=&#8220;4.27.4&#8243; _module_preset=&#8220;default&#8220; width_tablet=&#8220;&#8220; width_phone=&#8220;&#8220; width_last_edited=&#8220;on|desktop&#8220; max_width=&#8220;354px&#8220; module_alignment=&#8220;center&#8220; filter_saturate=&#8220;0%&#8220; locked=&#8220;off&#8220; global_colors_info=&#8220;{}&#8220;][\/et_pb_image][et_pb_text _builder_version=&#8220;4.27.4&#8243; _module_preset=&#8220;default&#8220; hover_enabled=&#8220;0&#8243; locked=&#8220;off&#8220; global_colors_info=&#8220;{}&#8220; content_last_edited=&#8220;on|phone&#8220; text_font=&#8220;Arial||||||||&#8220; sticky_enabled=&#8220;0&#8243; content_tablet=&#8220;<\/p>\n<p><strong>Carina G\u00f6decke<\/strong> \u2013 Schirmherrin<\/p>\n<p>Ich war 27 Jahre Mitglied des Landtages Nordrhein-Westfalen, unter anderem auch f\u00fcnf Jahre lang Landtagspr\u00e4sidentin. Kennengelernt habe ich die Stiftung Auszeit &#8211; und vor allem ihren \u00fcberaus engagierten Vorstand mit Jochen Grothkop an der Spitze &#8211; im Rahmen meiner parlamentarischen Arbeit. Von Beginn an hat mich der unb\u00e4ndige Wille, Familien mit Kindern in besonderen Lebenssituationen zu helfen, mehr als fasziniert. Sch\u00e4tzen und lieben gelernt habe ich die Stiftung zudem, weil ich als Gro\u00dfmutter eines mehrfach geistig und k\u00f6rperlich behinderten Enkelkindes wei\u00df, wie enorm wichtig Unterst\u00fctzung und Entlastung f\u00fcr die Familien sind.<\/p>\n<p>Mit gro\u00dfer Freude habe ich deshalb vor einigen Jahren die Schirmherrschaft f\u00fcr die Stiftung \u00fcbernommen.<\/p>\n<p>&#8220; content_phone=&#8220;<\/p>\n<p><strong>Carina G\u00f6decke<\/strong> \u2013 Schirmherrin<\/p>\n<p>Ich war 27 Jahre Mitglied des Landtages Nordrhein-Westfalen, unter anderem auch f\u00fcnf Jahre lang Landtagspr\u00e4sidentin. Kennengelernt habe ich die Stiftung Auszeit &#8211; und vor allem ihren \u00fcberaus engagierten Vorstand mit Jochen Grothkop an der Spitze &#8211; im Rahmen meiner parlamentarischen Arbeit. Von Beginn an hat mich der unb\u00e4ndige Wille, Familien mit Kindern in besonderen Lebenssituationen zu helfen, mehr als fasziniert. Sch\u00e4tzen und lieben gelernt habe ich die Stiftung zudem, weil ich als Gro\u00dfmutter eines mehrfach geistig und k\u00f6rperlich behinderten Enkelkindes wei\u00df, wie enorm wichtig Unterst\u00fctzung und Entlastung f\u00fcr die Familien sind.<\/p>\n<p>Mit gro\u00dfer Freude habe ich deshalb vor einigen Jahren die Schirmherrschaft f\u00fcr die Stiftung \u00fcbernommen.<\/p>\n<p>&#8222;]<\/p>\n<p><strong>Carina G\u00f6decke<\/strong> \u2013 Schirmherrin<\/p>\n<p>Ich war 27 Jahre Mitglied des Landtages Nordrhein-Westfalen, unter anderem auch f\u00fcnf Jahre lang Landtagspr\u00e4sidentin. Kennengelernt habe ich die Stiftung Auszeit &#8211; und vor allem ihren \u00fcberaus engagierten Vorstand mit Jochen Grothkop an der Spitze &#8211; im Rahmen meiner parlamentarischen Arbeit. Von Beginn an hat mich der unb\u00e4ndige Wille, Familien mit Kindern in besonderen Lebenssituationen zu helfen, mehr als fasziniert. Sch\u00e4tzen und lieben gelernt habe ich die Stiftung zudem, weil ich als Gro\u00dfmutter eines mehrfach geistig und k\u00f6rperlich behinderten Enkelkindes wei\u00df, wie enorm wichtig Unterst\u00fctzung und Entlastung f\u00fcr die Familien sind.<\/p>\n<p>Mit gro\u00dfer Freude habe ich deshalb vor einigen Jahren die Schirmherrschaft f\u00fcr die Stiftung \u00fcbernommen.<\/p>\n<p>[\/et_pb_text][\/et_pb_column][et_pb_column type=&#8220;1_3&#8243; _builder_version=&#8220;4.25.2&#8243; _module_preset=&#8220;default&#8220; global_colors_info=&#8220;{}&#8220;][\/et_pb_column][\/et_pb_row][et_pb_row _builder_version=&#8220;4.27.4&#8243; _module_preset=&#8220;default&#8220; hover_enabled=&#8220;0&#8243; global_colors_info=&#8220;{}&#8220; use_custom_gutter=&#8220;on&#8220; gutter_width=&#8220;2&#8243; width=&#8220;90%&#8220; sticky_enabled=&#8220;0&#8243;][et_pb_column type=&#8220;4_4&#8243; _builder_version=&#8220;4.27.4&#8243; _module_preset=&#8220;default&#8220; global_colors_info=&#8220;{}&#8220;][et_pb_divider color=&#8220;#000000&#8243; _builder_version=&#8220;4.27.4&#8243; _module_preset=&#8220;default&#8220; global_colors_info=&#8220;{}&#8220;][\/et_pb_divider][et_pb_text _builder_version=&#8220;4.27.4&#8243; _module_preset=&#8220;default&#8220; global_colors_info=&#8220;{}&#8220;]<\/p>\n<h1 style=\"text-align: center;\"><strong>F\u00f6rderer und Sponsoren<\/strong><\/h1>\n<p>[\/et_pb_text][et_pb_image src=&#8220;http:\/\/test0003.2000und5.de\/wp-content\/uploads\/2025\/01\/Sponsorentafel-scaled.webp&#8220; alt=&#8220;Sponsorentafel&#8220; title_text=&#8220;Sponsorentafel&#8220; _builder_version=&#8220;4.27.4&#8243; _module_preset=&#8220;default&#8220; global_colors_info=&#8220;{}&#8220;][\/et_pb_image][\/et_pb_column][\/et_pb_row][\/et_pb_section]<\/p>\n","protected":false},"excerpt":{"rendered":"<p>Stiftung AuszeitWir setzen uns gemeinsam mit unseren F\u00f6rderern daf\u00fcr ein, dass dein Kind eine erf\u00fcllte Zeit in unserem Haus erleben kann. Wir werben Spenden, steuern den guten Geist des Hauses und garantieren f\u00fcr alle Seiten eine gesunde Finanzsituation ohne die unsere Idee nicht funktionieren k\u00f6nnte.Jochen Grothkop \u2013 Vorstand Man nennt mich den Initiator und Motor [&hellip;]<\/p>\n","protected":false},"author":1,"featured_media":0,"parent":0,"menu_order":0,"comment_status":"closed","ping_status":"closed","template":"","meta":{"_et_pb_use_builder":"on","_et_pb_old_content":"","_et_gb_content_width":"","footnotes":""},"class_list":["post-359","page","type-page","status-publish","hentry"],"_links":{"self":[{"href":"https:\/\/test0003.2000und5.de\/index.php?rest_route=\/wp\/v2\/pages\/359","targetHints":{"allow":["GET"]}}],"collection":[{"href":"https:\/\/test0003.2000und5.de\/index.php?rest_route=\/wp\/v2\/pages"}],"about":[{"href":"https:\/\/test0003.2000und5.de\/index.php?rest_route=\/wp\/v2\/types\/page"}],"author":[{"embeddable":true,"href":"https:\/\/test0003.2000und5.de\/index.php?rest_route=\/wp\/v2\/users\/1"}],"replies":[{"embeddable":true,"href":"https:\/\/test0003.2000und5.de\/index.php?rest_route=%2Fwp%2Fv2%2Fcomments&post=359"}],"version-history":[{"count":15,"href":"https:\/\/test0003.2000und5.de\/index.php?rest_route=\/wp\/v2\/pages\/359\/revisions"}],"predecessor-version":[{"id":716,"href":"https:\/\/test0003.2000und5.de\/index.php?rest_route=\/wp\/v2\/pages\/359\/revisions\/716"}],"wp:attachment":[{"href":"https:\/\/test0003.2000und5.de\/index.php?rest_route=%2Fwp%2Fv2%2Fmedia&parent=359"}],"curies":[{"name":"wp","href":"https:\/\/api.w.org\/{rel}","templated":true}]}}