{"id":326,"date":"2025-01-16T10:30:08","date_gmt":"2025-01-16T10:30:08","guid":{"rendered":"https:\/\/test0003.2000und5.de\/?page_id=326"},"modified":"2025-01-27T00:54:22","modified_gmt":"2025-01-27T00:54:22","slug":"326-2","status":"publish","type":"page","link":"https:\/\/test0003.2000und5.de\/?page_id=326","title":{"rendered":"Anfrage-Haus-Auszeit"},"content":{"rendered":"<p>[et_pb_section fb_built=&#8220;1&#8243; admin_label=&#8220;Header&#8220; _builder_version=&#8220;4.27.4&#8243; _module_preset=&#8220;_initial&#8220; background_enable_color=&#8220;off&#8220; custom_margin=&#8220;30px||||false|false&#8220; custom_margin_tablet=&#8220;30px||||false|false&#8220; custom_margin_phone=&#8220;30px||||false|false&#8220; custom_margin_last_edited=&#8220;on|desktop&#8220; locked=&#8220;off&#8220; global_colors_info=&#8220;{%22gcid-b6c4f12c-f25d-4f61-9fb1-6e96404634cd%22:%91%22background_color%22%93}&#8220;][et_pb_row _builder_version=&#8220;4.27.4&#8243; _module_preset=&#8220;_initial&#8220; width=&#8220;90%&#8220; max_width=&#8220;1500px&#8220; custom_margin=&#8220;30px||||false|false&#8220; custom_margin_tablet=&#8220;30px||||false|false&#8220; custom_margin_phone=&#8220;30px||||false|false&#8220; custom_margin_last_edited=&#8220;on|desktop&#8220; global_colors_info=&#8220;{}&#8220;][et_pb_column type=&#8220;4_4&#8243; _builder_version=&#8220;4.25.2&#8243; _module_preset=&#8220;_initial&#8220; global_colors_info=&#8220;{}&#8220;][et_pb_heading title=&#8220;Haus Auszeit&#8220; _builder_version=&#8220;4.27.4&#8243; _module_preset=&#8220;_initial&#8220; title_level=&#8220;h4&#8243; title_font=&#8220;Arial|700||on|||||&#8220; title_text_color=&#8220;#000000&#8243; title_font_size=&#8220;14px&#8220; title_letter_spacing=&#8220;0.08px&#8220; title_line_height=&#8220;1.6em&#8220; custom_margin=&#8220;||10px||false|false&#8220; title_font_size_tablet=&#8220;13px&#8220; title_font_size_phone=&#8220;12px&#8220; title_font_size_last_edited=&#8220;on|desktop&#8220; global_colors_info=&#8220;{}&#8220;][\/et_pb_heading][et_pb_text _builder_version=&#8220;4.27.4&#8243; _module_preset=&#8220;default&#8220; header_font=&#8220;Arial|700|||||||&#8220; header_font_size=&#8220;90px&#8220; global_colors_info=&#8220;{}&#8220;]<\/p>\n<h1>Jetzt Platz anfragen!<\/h1>\n<p>[\/et_pb_text][\/et_pb_column][\/et_pb_row][et_pb_row column_structure=&#8220;3_5,2_5&#8243; _builder_version=&#8220;4.25.2&#8243; _module_preset=&#8220;_initial&#8220; width=&#8220;90%&#8220; max_width=&#8220;1500px&#8220; global_colors_info=&#8220;{}&#8220;][et_pb_column type=&#8220;3_5&#8243; _builder_version=&#8220;4.25.2&#8243; _module_preset=&#8220;_initial&#8220; global_colors_info=&#8220;{}&#8220;][et_pb_text quote_border_color=&#8220;#15c586&#8243; _builder_version=&#8220;4.27.4&#8243; _module_preset=&#8220;_initial&#8220; text_font=&#8220;Arial||||||||&#8220; text_font_size=&#8220;16px&#8220; text_line_height=&#8220;180%&#8220; link_text_color=&#8220;#15c586&#8243; ul_line_height=&#8220;1.8em&#8220; ol_line_height=&#8220;1.8em&#8220; quote_text_color=&#8220;#15c586&#8243; header_font=&#8220;Arimo||||||||&#8220; header_font_size=&#8220;90px&#8220; header_line_height=&#8220;110%&#8220; header_2_font=&#8220;Arimo||||||||&#8220; header_2_font_size=&#8220;60px&#8220; header_2_line_height=&#8220;120%&#8220; header_3_font=&#8220;Arimo||||||||&#8220; header_3_font_size=&#8220;42px&#8220; header_3_line_height=&#8220;120%&#8220; header_4_font=&#8220;Arimo||||||||&#8220; header_4_font_size=&#8220;32px&#8220; header_4_line_height=&#8220;130%&#8220; header_5_font=&#8220;Arimo||||||||&#8220; header_5_font_size=&#8220;23px&#8220; header_5_line_height=&#8220;140%&#8220; header_6_font=&#8220;Arimo||||||||&#8220; header_6_font_size=&#8220;16px&#8220; header_6_line_height=&#8220;140%&#8220; text_font_size_tablet=&#8220;15px&#8220; text_font_size_phone=&#8220;14px&#8220; text_font_size_last_edited=&#8220;on|desktop&#8220; header_font_size_tablet=&#8220;40px&#8220; header_font_size_phone=&#8220;24px&#8220; header_font_size_last_edited=&#8220;on|tablet&#8220; header_2_font_size_tablet=&#8220;28px&#8220; header_2_font_size_phone=&#8220;20px&#8220; header_2_font_size_last_edited=&#8220;on|phone&#8220; header_3_font_size_tablet=&#8220;22px&#8220; header_3_font_size_phone=&#8220;17px&#8220; header_3_font_size_last_edited=&#8220;on|phone&#8220; header_4_font_size_tablet=&#8220;18px&#8220; header_4_font_size_phone=&#8220;15px&#8220; header_4_font_size_last_edited=&#8220;on|tablet&#8220; header_5_font_size_tablet=&#8220;15px&#8220; header_5_font_size_phone=&#8220;14px&#8220; header_5_font_size_last_edited=&#8220;on|tablet&#8220; header_6_font_size_tablet=&#8220;13px&#8220; header_6_font_size_phone=&#8220;&#8220; header_6_font_size_last_edited=&#8220;on|desktop&#8220; global_colors_info=&#8220;{}&#8220;]<\/p>\n<div class=\"vc_row wpb_row vc_row-fluid\">\n<div class=\"wpb_column vc_column_container vc_col-sm-12\">\n<div class=\"vc_column-inner\">\n<div class=\"wpb_wrapper\">\n<div class=\"wpb_text_column wpb_content_element \">\n<div class=\"wpb_wrapper\">Liebe Eltern,<\/div>\n<\/div>\n<\/div>\n<\/div>\n<\/div>\n<\/div>\n<p>[\/et_pb_text][et_pb_text quote_border_color=&#8220;#15c586&#8243; _builder_version=&#8220;4.27.4&#8243; _module_preset=&#8220;_initial&#8220; text_font=&#8220;Arial||||||||&#8220; text_font_size=&#8220;16px&#8220; text_line_height=&#8220;180%&#8220; link_text_color=&#8220;#15c586&#8243; ul_line_height=&#8220;1.8em&#8220; ol_line_height=&#8220;1.8em&#8220; quote_text_color=&#8220;#15c586&#8243; header_font=&#8220;Arimo||||||||&#8220; header_font_size=&#8220;90px&#8220; header_line_height=&#8220;110%&#8220; header_2_font=&#8220;Arimo||||||||&#8220; header_2_font_size=&#8220;60px&#8220; header_2_line_height=&#8220;120%&#8220; header_3_font=&#8220;Arimo||||||||&#8220; header_3_font_size=&#8220;42px&#8220; header_3_line_height=&#8220;120%&#8220; header_4_font=&#8220;Arimo||||||||&#8220; header_4_font_size=&#8220;32px&#8220; header_4_line_height=&#8220;130%&#8220; header_5_font=&#8220;Arimo||||||||&#8220; header_5_font_size=&#8220;23px&#8220; header_5_line_height=&#8220;140%&#8220; header_6_font=&#8220;Arimo||||||||&#8220; header_6_font_size=&#8220;16px&#8220; header_6_line_height=&#8220;140%&#8220; custom_margin=&#8220;-30px||||false|false&#8220; custom_margin_tablet=&#8220;-30px||||false|false&#8220; custom_margin_phone=&#8220;-30px||||false|false&#8220; custom_margin_last_edited=&#8220;on|desktop&#8220; text_font_size_tablet=&#8220;15px&#8220; text_font_size_phone=&#8220;14px&#8220; text_font_size_last_edited=&#8220;on|desktop&#8220; header_font_size_tablet=&#8220;40px&#8220; header_font_size_phone=&#8220;24px&#8220; header_font_size_last_edited=&#8220;on|tablet&#8220; header_2_font_size_tablet=&#8220;28px&#8220; header_2_font_size_phone=&#8220;20px&#8220; header_2_font_size_last_edited=&#8220;on|phone&#8220; header_3_font_size_tablet=&#8220;22px&#8220; header_3_font_size_phone=&#8220;17px&#8220; header_3_font_size_last_edited=&#8220;on|phone&#8220; header_4_font_size_tablet=&#8220;18px&#8220; header_4_font_size_phone=&#8220;15px&#8220; header_4_font_size_last_edited=&#8220;on|tablet&#8220; header_5_font_size_tablet=&#8220;15px&#8220; header_5_font_size_phone=&#8220;14px&#8220; header_5_font_size_last_edited=&#8220;on|tablet&#8220; header_6_font_size_tablet=&#8220;13px&#8220; header_6_font_size_phone=&#8220;&#8220; header_6_font_size_last_edited=&#8220;on|desktop&#8220; global_colors_info=&#8220;{}&#8220;]<\/p>\n<div class=\"vc_row wpb_row vc_row-fluid\">\n<div class=\"wpb_column vc_column_container vc_col-sm-12\">\n<div class=\"vc_column-inner\">\n<div class=\"wpb_wrapper\">\n<div class=\"wpb_text_column wpb_content_element \">\n<div class=\"wpb_wrapper\">das Haus Auszeit wurde im September 2024 er\u00f6ffnet und freut sich \u00fcber eine Anfrage Ihrer Familie.<\/div>\n<div class=\"wpb_wrapper\">Unsere G\u00e4ste sind Kinder und Jugendliche mit k\u00f6rper\u00adlichen und geistigen Einschr\u00e4nkungen, Mehrfachbehinde\u00adrungen sowie unterschiedlichen Teilhabebedarfen.<\/div>\n<div class=\"wpb_wrapper\"><\/div>\n<\/div>\n<\/div>\n<\/div>\n<\/div>\n<\/div>\n<p>[\/et_pb_text][et_pb_text quote_border_color=&#8220;#15c586&#8243; _builder_version=&#8220;4.27.4&#8243; _module_preset=&#8220;_initial&#8220; text_font=&#8220;Arial||||||||&#8220; text_font_size=&#8220;16px&#8220; text_line_height=&#8220;180%&#8220; link_text_color=&#8220;#15c586&#8243; ul_line_height=&#8220;1.8em&#8220; ol_line_height=&#8220;1.8em&#8220; quote_text_color=&#8220;#15c586&#8243; header_font=&#8220;Arimo||||||||&#8220; header_font_size=&#8220;90px&#8220; header_line_height=&#8220;110%&#8220; header_2_font=&#8220;Arimo||||||||&#8220; header_2_font_size=&#8220;60px&#8220; header_2_line_height=&#8220;120%&#8220; header_3_font=&#8220;Arimo||||||||&#8220; header_3_font_size=&#8220;42px&#8220; header_3_line_height=&#8220;120%&#8220; header_4_font=&#8220;Arimo||||||||&#8220; header_4_font_size=&#8220;32px&#8220; header_4_line_height=&#8220;130%&#8220; header_5_font=&#8220;Arimo||||||||&#8220; header_5_font_size=&#8220;23px&#8220; header_5_line_height=&#8220;140%&#8220; header_6_font=&#8220;Arimo||||||||&#8220; header_6_font_size=&#8220;16px&#8220; header_6_line_height=&#8220;140%&#8220; custom_margin=&#8220;-30px||||false|false&#8220; text_font_size_tablet=&#8220;15px&#8220; text_font_size_phone=&#8220;14px&#8220; text_font_size_last_edited=&#8220;on|desktop&#8220; header_font_size_tablet=&#8220;40px&#8220; header_font_size_phone=&#8220;24px&#8220; header_font_size_last_edited=&#8220;on|tablet&#8220; header_2_font_size_tablet=&#8220;28px&#8220; header_2_font_size_phone=&#8220;20px&#8220; header_2_font_size_last_edited=&#8220;on|phone&#8220; header_3_font_size_tablet=&#8220;22px&#8220; header_3_font_size_phone=&#8220;17px&#8220; header_3_font_size_last_edited=&#8220;on|phone&#8220; header_4_font_size_tablet=&#8220;18px&#8220; header_4_font_size_phone=&#8220;15px&#8220; header_4_font_size_last_edited=&#8220;on|tablet&#8220; header_5_font_size_tablet=&#8220;15px&#8220; header_5_font_size_phone=&#8220;14px&#8220; header_5_font_size_last_edited=&#8220;on|tablet&#8220; header_6_font_size_tablet=&#8220;13px&#8220; header_6_font_size_phone=&#8220;&#8220; header_6_font_size_last_edited=&#8220;on|desktop&#8220; global_colors_info=&#8220;{}&#8220;]<\/p>\n<div class=\"vc_row wpb_row vc_row-fluid\">\n<div class=\"wpb_column vc_column_container vc_col-sm-12\">\n<div class=\"vc_column-inner\">\n<div class=\"wpb_wrapper\">\n<div class=\"wpb_text_column wpb_content_element \">\n<div class=\"wpb_wrapper\">Das Angebot richtet sich an interessierte Familien, die aufgrund von vielschichtigen Belastungen im Rahmen der allt\u00e4glichen Betreuung und Pflege ihrer Kinder eine Rege\u00adnerationspause ben\u00f6tigen.<\/div>\n<\/div>\n<\/div>\n<\/div>\n<\/div>\n<\/div>\n<p>[\/et_pb_text][et_pb_text quote_border_color=&#8220;#15c586&#8243; _builder_version=&#8220;4.27.4&#8243; _module_preset=&#8220;_initial&#8220; text_font=&#8220;Arial||||||||&#8220; text_font_size=&#8220;16px&#8220; text_line_height=&#8220;180%&#8220; link_text_color=&#8220;#15c586&#8243; ul_line_height=&#8220;1.8em&#8220; ol_line_height=&#8220;1.8em&#8220; quote_text_color=&#8220;#15c586&#8243; header_font=&#8220;Arimo||||||||&#8220; header_font_size=&#8220;90px&#8220; header_line_height=&#8220;110%&#8220; header_2_font=&#8220;Arimo||||||||&#8220; header_2_font_size=&#8220;60px&#8220; header_2_line_height=&#8220;120%&#8220; header_3_font=&#8220;Arimo||||||||&#8220; header_3_font_size=&#8220;42px&#8220; header_3_line_height=&#8220;120%&#8220; header_4_font=&#8220;Arimo||||||||&#8220; header_4_font_size=&#8220;32px&#8220; header_4_line_height=&#8220;130%&#8220; header_5_font=&#8220;Arimo||||||||&#8220; header_5_font_size=&#8220;23px&#8220; header_5_line_height=&#8220;140%&#8220; header_6_font=&#8220;Arimo||||||||&#8220; header_6_font_size=&#8220;16px&#8220; header_6_line_height=&#8220;140%&#8220; custom_margin=&#8220;-30px||||false|false&#8220; text_font_size_tablet=&#8220;15px&#8220; text_font_size_phone=&#8220;14px&#8220; text_font_size_last_edited=&#8220;on|desktop&#8220; header_font_size_tablet=&#8220;40px&#8220; header_font_size_phone=&#8220;24px&#8220; header_font_size_last_edited=&#8220;on|tablet&#8220; header_2_font_size_tablet=&#8220;28px&#8220; header_2_font_size_phone=&#8220;20px&#8220; header_2_font_size_last_edited=&#8220;on|phone&#8220; header_3_font_size_tablet=&#8220;22px&#8220; header_3_font_size_phone=&#8220;17px&#8220; header_3_font_size_last_edited=&#8220;on|phone&#8220; header_4_font_size_tablet=&#8220;18px&#8220; header_4_font_size_phone=&#8220;15px&#8220; header_4_font_size_last_edited=&#8220;on|tablet&#8220; header_5_font_size_tablet=&#8220;15px&#8220; header_5_font_size_phone=&#8220;14px&#8220; header_5_font_size_last_edited=&#8220;on|tablet&#8220; header_6_font_size_tablet=&#8220;13px&#8220; header_6_font_size_phone=&#8220;&#8220; header_6_font_size_last_edited=&#8220;on|desktop&#8220; global_colors_info=&#8220;{}&#8220;]<\/p>\n<div class=\"vc_row wpb_row vc_row-fluid\">\n<div class=\"wpb_column vc_column_container vc_col-sm-12\">\n<div class=\"vc_column-inner\">\n<div class=\"wpb_wrapper\">\n<div class=\"wpb_text_column wpb_content_element \">\n<div class=\"wpb_wrapper\"><strong>Die Unterbringung in unserem Haus ist im Regelfall bis auf einen minimalen Zuschuss f\u00fcr die Eltern kostenfrei und wird durch die Landschaftverb\u00e4nde LWL, LVR oder andere Leistungstr\u00e4ger finanziert.<\/strong> Ein Aufenthalt Ihres Kindes kann schon jetzt f\u00fcr einige Tage bis zu mehreren Wochen mit uns abgestimmt werden.<\/div>\n<\/div>\n<\/div>\n<\/div>\n<\/div>\n<\/div>\n<p>[\/et_pb_text][et_pb_image src=&#8220;http:\/\/test0003.2000und5.de\/wp-content\/uploads\/2025\/01\/anfrage_q-scaled.jpg&#8220; alt=&#8220;anfrage_1&#8243; title_text=&#8220;anfrage_q&#8220; _builder_version=&#8220;4.27.4&#8243; _module_preset=&#8220;default&#8220; global_colors_info=&#8220;{}&#8220;][\/et_pb_image][et_pb_contact_form captcha=&#8220;off&#8220; email=&#8220;axel.hoffmann@me.com&#8220; title=&#8220;Kontaktformular&#8220; success_message=&#8220;Danke f\u00fcr deine Anfrag, wir melden uns.&#8220; submit_button_text=&#8220;Anfrage abschicken&#8220; _builder_version=&#8220;4.27.4&#8243; _module_preset=&#8220;default&#8220; _unique_id=&#8220;5f041970-1e3b-4e31-8653-2772edc0f399&#8243; title_font=&#8220;Arial||||||||&#8220; custom_button=&#8220;on&#8220; button_text_size=&#8220;18px&#8220; button_text_color=&#8220;#FFFFFF&#8220; button_bg_color=&#8220;#9dd2dd&#8220; button_border_width=&#8220;0px&#8220; button_border_radius=&#8220;35px&#8220; button_letter_spacing=&#8220;1px&#8220; button_font=&#8220;Arial|700||on|||||&#8220; button_use_icon=&#8220;off&#8220; button_custom_margin=&#8220;30px||||false|false&#8220; button_custom_padding=&#8220;10px|30px|10px|30px|false|false&#8220; button_custom_padding_tablet=&#8220;10px|30px|10px|30px|false|false&#8220; button_custom_padding_phone=&#8220;10px|30px|10px|30px|false|false&#8220; button_custom_padding_last_edited=&#8220;on|desktop&#8220; custom_margin_tablet=&#8220;&#8220; custom_margin_phone=&#8220;&#8220; custom_margin_last_edited=&#8220;on|desktop&#8220; custom_padding=&#8220;0px||||false|false&#8220; hover_enabled=&#8220;0&#8243; global_colors_info=&#8220;{}&#8220; button_bg_color__hover_enabled=&#8220;on|hover&#8220; button_bg_color__hover=&#8220;#545454&#8243; button_bg_enable_color__hover=&#8220;on&#8220; sticky_enabled=&#8220;0&#8243;][et_pb_contact_field field_id=&#8220;Name&#8220; field_title=&#8220;Name&#8220; _builder_version=&#8220;4.27.4&#8243; global_colors_info=&#8220;{}&#8220; button_text_size__hover_enabled=&#8220;off&#8220; button_one_text_size__hover_enabled=&#8220;off&#8220; button_two_text_size__hover_enabled=&#8220;off&#8220; button_text_color__hover_enabled=&#8220;off&#8220; button_one_text_color__hover_enabled=&#8220;off&#8220; button_two_text_color__hover_enabled=&#8220;off&#8220; button_border_width__hover_enabled=&#8220;off&#8220; button_one_border_width__hover_enabled=&#8220;off&#8220; button_two_border_width__hover_enabled=&#8220;off&#8220; button_border_color__hover_enabled=&#8220;off&#8220; button_one_border_color__hover_enabled=&#8220;off&#8220; button_two_border_color__hover_enabled=&#8220;off&#8220; button_border_radius__hover_enabled=&#8220;off&#8220; button_one_border_radius__hover_enabled=&#8220;off&#8220; button_two_border_radius__hover_enabled=&#8220;off&#8220; button_letter_spacing__hover_enabled=&#8220;off&#8220; button_one_letter_spacing__hover_enabled=&#8220;off&#8220; button_two_letter_spacing__hover_enabled=&#8220;off&#8220; button_bg_color__hover_enabled=&#8220;off&#8220; button_one_bg_color__hover_enabled=&#8220;off&#8220; button_two_bg_color__hover_enabled=&#8220;off&#8220;][\/et_pb_contact_field][et_pb_contact_field field_id=&#8220;Telefonnummer&#8220; field_title=&#8220;Telefonnummer&#8220; _builder_version=&#8220;4.27.4&#8243; global_colors_info=&#8220;{}&#8220; button_text_size__hover_enabled=&#8220;off&#8220; button_one_text_size__hover_enabled=&#8220;off&#8220; button_two_text_size__hover_enabled=&#8220;off&#8220; button_text_color__hover_enabled=&#8220;off&#8220; button_one_text_color__hover_enabled=&#8220;off&#8220; button_two_text_color__hover_enabled=&#8220;off&#8220; button_border_width__hover_enabled=&#8220;off&#8220; button_one_border_width__hover_enabled=&#8220;off&#8220; button_two_border_width__hover_enabled=&#8220;off&#8220; button_border_color__hover_enabled=&#8220;off&#8220; button_one_border_color__hover_enabled=&#8220;off&#8220; button_two_border_color__hover_enabled=&#8220;off&#8220; button_border_radius__hover_enabled=&#8220;off&#8220; button_one_border_radius__hover_enabled=&#8220;off&#8220; button_two_border_radius__hover_enabled=&#8220;off&#8220; button_letter_spacing__hover_enabled=&#8220;off&#8220; button_one_letter_spacing__hover_enabled=&#8220;off&#8220; button_two_letter_spacing__hover_enabled=&#8220;off&#8220; button_bg_color__hover_enabled=&#8220;off&#8220; button_one_bg_color__hover_enabled=&#8220;off&#8220; button_two_bg_color__hover_enabled=&#8220;off&#8220;][\/et_pb_contact_field][et_pb_contact_field field_id=&#8220;Email&#8220; field_title=&#8220;E-Mail-Adresse&#8220; field_type=&#8220;email&#8220; fullwidth_field=&#8220;on&#8220; _builder_version=&#8220;4.27.4&#8243; global_colors_info=&#8220;{}&#8220; button_text_size__hover_enabled=&#8220;off&#8220; button_one_text_size__hover_enabled=&#8220;off&#8220; button_two_text_size__hover_enabled=&#8220;off&#8220; button_text_color__hover_enabled=&#8220;off&#8220; button_one_text_color__hover_enabled=&#8220;off&#8220; button_two_text_color__hover_enabled=&#8220;off&#8220; button_border_width__hover_enabled=&#8220;off&#8220; button_one_border_width__hover_enabled=&#8220;off&#8220; button_two_border_width__hover_enabled=&#8220;off&#8220; button_border_color__hover_enabled=&#8220;off&#8220; button_one_border_color__hover_enabled=&#8220;off&#8220; button_two_border_color__hover_enabled=&#8220;off&#8220; button_border_radius__hover_enabled=&#8220;off&#8220; button_one_border_radius__hover_enabled=&#8220;off&#8220; button_two_border_radius__hover_enabled=&#8220;off&#8220; button_letter_spacing__hover_enabled=&#8220;off&#8220; button_one_letter_spacing__hover_enabled=&#8220;off&#8220; button_two_letter_spacing__hover_enabled=&#8220;off&#8220; button_bg_color__hover_enabled=&#8220;off&#8220; button_one_bg_color__hover_enabled=&#8220;off&#8220; button_two_bg_color__hover_enabled=&#8220;off&#8220;][\/et_pb_contact_field][et_pb_contact_field field_id=&#8220;Message&#8220; field_title=&#8220;Nachricht&#8220; field_type=&#8220;text&#8220; fullwidth_field=&#8220;on&#8220; _builder_version=&#8220;4.27.4&#8243; global_colors_info=&#8220;{}&#8220; button_text_size__hover_enabled=&#8220;off&#8220; button_one_text_size__hover_enabled=&#8220;off&#8220; button_two_text_size__hover_enabled=&#8220;off&#8220; button_text_color__hover_enabled=&#8220;off&#8220; button_one_text_color__hover_enabled=&#8220;off&#8220; button_two_text_color__hover_enabled=&#8220;off&#8220; button_border_width__hover_enabled=&#8220;off&#8220; button_one_border_width__hover_enabled=&#8220;off&#8220; button_two_border_width__hover_enabled=&#8220;off&#8220; button_border_color__hover_enabled=&#8220;off&#8220; button_one_border_color__hover_enabled=&#8220;off&#8220; button_two_border_color__hover_enabled=&#8220;off&#8220; button_border_radius__hover_enabled=&#8220;off&#8220; button_one_border_radius__hover_enabled=&#8220;off&#8220; button_two_border_radius__hover_enabled=&#8220;off&#8220; button_letter_spacing__hover_enabled=&#8220;off&#8220; button_one_letter_spacing__hover_enabled=&#8220;off&#8220; button_two_letter_spacing__hover_enabled=&#8220;off&#8220; button_bg_color__hover_enabled=&#8220;off&#8220; button_one_bg_color__hover_enabled=&#8220;off&#8220; button_two_bg_color__hover_enabled=&#8220;off&#8220;][\/et_pb_contact_field][et_pb_contact_field field_id=&#8220;Datenschutz&#8220; field_title=&#8220;Datenschutz&#8220; field_type=&#8220;checkbox&#8220; checkbox_options=&#8220;%91{%22value%22:%22Ich habe die Datenschutzerkl\u00e4rung (stiftung-auszeit.de\/datenschutz) zur Kenntnis genommen. Ich stimme zu, dass meine Daten und Angaben zur Bearbeitung meines Anliegens elektronisch verarbeitet werden. Mir ist bewusst, dass ich meine Einwilligung jederzeit durch eine einfache Erkl\u00e4rung, zum Beispiel durch eine Erkl\u00e4rung mittels dieses Kontaktformulars oder per E-Mail an info@stiftung-auszeit.de, widerrufen kann, ohne dass die Rechtm\u00e4\u00dfigkeit der aufgrund der Einwilligung bis zum Widerruf erfolgten Verarbeitung ber\u00fchrt wird.%22,%22checked%22:0,%22dragID%22:-1}%93&#8243; fullwidth_field=&#8220;on&#8220; _builder_version=&#8220;4.27.4&#8243; _module_preset=&#8220;default&#8220; form_field_font=&#8220;Arial||||||||&#8220; global_colors_info=&#8220;{}&#8220;][\/et_pb_contact_field][\/et_pb_contact_form][\/et_pb_column][et_pb_column type=&#8220;2_5&#8243; _builder_version=&#8220;4.25.2&#8243; _module_preset=&#8220;_initial&#8220; global_colors_info=&#8220;{}&#8220;][et_pb_image src=&#8220;http:\/\/test0003.2000und5.de\/wp-content\/uploads\/2025\/01\/Screen-Folder-2.webp&#8220; alt=&#8220;Anfrage&#8220; title_text=&#8220;Screen-Folder-2&#8243; _builder_version=&#8220;4.27.4&#8243; _module_preset=&#8220;_initial&#8220; global_colors_info=&#8220;{}&#8220;][\/et_pb_image][et_pb_text quote_border_color=&#8220;#15c586&#8243; _builder_version=&#8220;4.27.4&#8243; _module_preset=&#8220;_initial&#8220; text_font=&#8220;Arial||||||||&#8220; text_font_size=&#8220;16px&#8220; text_line_height=&#8220;180%&#8220; link_text_color=&#8220;#15c586&#8243; ul_line_height=&#8220;1.8em&#8220; ol_line_height=&#8220;1.8em&#8220; quote_text_color=&#8220;#15c586&#8243; header_font=&#8220;Arimo||||||||&#8220; header_font_size=&#8220;90px&#8220; header_line_height=&#8220;110%&#8220; header_2_font=&#8220;Arimo||||||||&#8220; header_2_font_size=&#8220;60px&#8220; header_2_line_height=&#8220;120%&#8220; header_3_font=&#8220;Arimo||||||||&#8220; header_3_font_size=&#8220;42px&#8220; header_3_line_height=&#8220;120%&#8220; header_4_font=&#8220;Arimo||||||||&#8220; header_4_font_size=&#8220;32px&#8220; header_4_line_height=&#8220;130%&#8220; header_5_font=&#8220;Arimo||||||||&#8220; header_5_font_size=&#8220;23px&#8220; header_5_line_height=&#8220;140%&#8220; header_6_font=&#8220;Arimo||||||||&#8220; header_6_font_size=&#8220;16px&#8220; header_6_line_height=&#8220;140%&#8220; custom_margin=&#8220;0px||||false|false&#8220; text_font_size_tablet=&#8220;15px&#8220; text_font_size_phone=&#8220;14px&#8220; text_font_size_last_edited=&#8220;on|desktop&#8220; header_font_size_tablet=&#8220;40px&#8220; header_font_size_phone=&#8220;24px&#8220; header_font_size_last_edited=&#8220;on|tablet&#8220; header_2_font_size_tablet=&#8220;28px&#8220; header_2_font_size_phone=&#8220;20px&#8220; header_2_font_size_last_edited=&#8220;on|phone&#8220; header_3_font_size_tablet=&#8220;22px&#8220; header_3_font_size_phone=&#8220;17px&#8220; header_3_font_size_last_edited=&#8220;on|phone&#8220; header_4_font_size_tablet=&#8220;18px&#8220; header_4_font_size_phone=&#8220;15px&#8220; header_4_font_size_last_edited=&#8220;on|tablet&#8220; header_5_font_size_tablet=&#8220;15px&#8220; header_5_font_size_phone=&#8220;14px&#8220; header_5_font_size_last_edited=&#8220;on|tablet&#8220; header_6_font_size_tablet=&#8220;13px&#8220; header_6_font_size_phone=&#8220;&#8220; header_6_font_size_last_edited=&#8220;on|desktop&#8220; global_colors_info=&#8220;{}&#8220;]<\/p>\n<div class=\"vc_row wpb_row vc_row-fluid\">\n<div class=\"wpb_column vc_column_container vc_col-sm-12\">\n<div class=\"vc_column-inner\">\n<div class=\"wpb_wrapper\">\n<div class=\"wpb_text_column wpb_content_element \"><strong>Sie k\u00f6nnen Ihre Anfrage auch \u00fcber Ihr Emailprogramm oder per Telefon an uns richten. Die notwendigen Nummern und Adressen dazu finden Sie unten aud den Seiten.<\/strong><strong><br \/><\/strong><\/div>\n<\/div>\n<\/div>\n<\/div>\n<\/div>\n<p>[\/et_pb_text][\/et_pb_column][\/et_pb_row][\/et_pb_section]<\/p>\n","protected":false},"excerpt":{"rendered":"<p>Jetzt Platz anfragen! Liebe Eltern, das Haus Auszeit wurde im September 2024 er\u00f6ffnet und freut sich \u00fcber eine Anfrage Ihrer Familie. Unsere G\u00e4ste sind Kinder und Jugendliche mit k\u00f6rper\u00adlichen und geistigen Einschr\u00e4nkungen, Mehrfachbehinde\u00adrungen sowie unterschiedlichen Teilhabebedarfen. Das Angebot richtet sich an interessierte Familien, die aufgrund von vielschichtigen Belastungen im Rahmen der allt\u00e4glichen Betreuung und Pflege [&hellip;]<\/p>\n","protected":false},"author":1,"featured_media":0,"parent":0,"menu_order":0,"comment_status":"closed","ping_status":"closed","template":"","meta":{"_et_pb_use_builder":"on","_et_pb_old_content":"","_et_gb_content_width":"","footnotes":""},"class_list":["post-326","page","type-page","status-publish","hentry"],"_links":{"self":[{"href":"https:\/\/test0003.2000und5.de\/index.php?rest_route=\/wp\/v2\/pages\/326","targetHints":{"allow":["GET"]}}],"collection":[{"href":"https:\/\/test0003.2000und5.de\/index.php?rest_route=\/wp\/v2\/pages"}],"about":[{"href":"https:\/\/test0003.2000und5.de\/index.php?rest_route=\/wp\/v2\/types\/page"}],"author":[{"embeddable":true,"href":"https:\/\/test0003.2000und5.de\/index.php?rest_route=\/wp\/v2\/users\/1"}],"replies":[{"embeddable":true,"href":"https:\/\/test0003.2000und5.de\/index.php?rest_route=%2Fwp%2Fv2%2Fcomments&post=326"}],"version-history":[{"count":23,"href":"https:\/\/test0003.2000und5.de\/index.php?rest_route=\/wp\/v2\/pages\/326\/revisions"}],"predecessor-version":[{"id":662,"href":"https:\/\/test0003.2000und5.de\/index.php?rest_route=\/wp\/v2\/pages\/326\/revisions\/662"}],"wp:attachment":[{"href":"https:\/\/test0003.2000und5.de\/index.php?rest_route=%2Fwp%2Fv2%2Fmedia&parent=326"}],"curies":[{"name":"wp","href":"https:\/\/api.w.org\/{rel}","templated":true}]}}